{"id":768,"date":"2023-05-18T06:14:29","date_gmt":"2023-05-18T06:14:29","guid":{"rendered":"https:\/\/sodelo.fsd.uni-lj.si\/main\/?page_id=768"},"modified":"2024-10-08T08:29:26","modified_gmt":"2024-10-08T08:29:26","slug":"mednarodno-socialno-delo-international-social-work","status":"publish","type":"page","link":"https:\/\/sodelo.fsd.uni-lj.si\/main\/mednarodno-socialno-delo-international-social-work\/","title":{"rendered":"Mednarodno socialno delo\/International social work"},"content":{"rendered":"\n<div data-wp-interactive=\"core\/file\" class=\"wp-block-file\"><object data-wp-bind--hidden=\"!state.hasPdfPreview\" hidden class=\"wp-block-file__embed\" data=\"https:\/\/sodelo.fsd.uni-lj.si\/main\/wp-content\/uploads\/2023\/05\/Obrazi-in-duse-compressed.pdf\" type=\"application\/pdf\" style=\"width:100%;height:600px\" aria-label=\"Embed of Angela Vodetova (1932). Alice Salomon. \u017denski svet, tiskarne J. Blasnika, Univerzitetna tiskarna in litografija d.d. v Ljubljani (Urednici: Pavla Ho\u010devarjeva in Milka Martelan\u010deva), Letnik X, str. 309-312.\"><\/object><a id=\"wp-block-file--media-6a5f9e0b-3b60-4a1d-b54f-5d3df9adde5c\" href=\"https:\/\/sodelo.fsd.uni-lj.si\/main\/wp-content\/uploads\/2023\/05\/Obrazi-in-duse-compressed.pdf\" target=\"_blank\" rel=\"noreferrer noopener\">Angela Vodetova (1932). Alice Salomon. \u017denski svet, tiskarne J. Blasnika, Univerzitetna tiskarna in litografija d.d. v Ljubljani (Urednici: Pavla Ho\u010devarjeva in Milka Martelan\u010deva), Letnik X, str. 309-312<\/a><\/div>\n\n\n\n<p><\/p>\n\n\n\n<p>Revija \u017denski svet med obema vojnama ni spregledala izjemnega dela Alice Salomon, pionirke profesionalizacije socialnega dela, predsednice svetovnega \u017eenskega kongresa in prve predsednice &nbsp;mednarodne organizacije \u0161ol za socialno delo. O njej je leta 1932 pisala pedagoginja in intelektualka Angela Vode.<\/p>\n\n\n\n<hr class=\"wp-block-separator has-alpha-channel-opacity\"\/>\n\n\n\n<p>Prvi mednarodni kongres \u0161ol za socialno delo je potekal v Parizu leta 1928.<\/p>\n\n\n\n<p>&nbsp;The proceedings of the Paris conference are available online. At this link.<\/p>\n\n\n\n<p>vol. I&nbsp;<a href=\"https:\/\/gallica.bnf.fr\/ark:\/12148\/bpt6k6582660k.texteImage\" target=\"_blank\" rel=\"noreferrer noopener\">https:\/\/gallica.bnf.fr\/ark:\/12148\/bpt6k6582660k.texteImage<\/a>;<\/p>\n\n\n\n<p>vol. II&nbsp;<a href=\"https:\/\/gallica.bnf.fr\/ark:\/12148\/bpt6k6581241j.texteImage\" target=\"_blank\" rel=\"noreferrer noopener\">https:\/\/gallica.bnf.fr\/ark:\/12148\/bpt6k6581241j.texteImage<\/a>;<\/p>\n\n\n\n<p>vol. III&nbsp;<a href=\"https:\/\/gallica.bnf.fr\/ark:\/12148\/bpt6k65826343.texteImage\" target=\"_blank\" rel=\"noreferrer noopener\">https:\/\/gallica.bnf.fr\/ark:\/12148\/bpt6k65826343.texteImage<\/a>.<\/p>\n\n\n\n<p><\/p>\n","protected":false},"excerpt":{"rendered":"<p>Revija \u017denski svet med obema vojnama ni spregledala izjemnega dela Alice Salomon, pionirke profesionalizacije socialnega dela, predsednice svetovnega \u017eenskega kongresa in prve predsednice &nbsp;mednarodne organizacije \u0161ol za socialno delo. O njej je leta 1932 pisala pedagoginja in intelektualka Angela Vode. Prvi mednarodni kongres \u0161ol za socialno delo je potekal v Parizu leta 1928. &nbsp;The proceedings &hellip; <a href=\"https:\/\/sodelo.fsd.uni-lj.si\/main\/mednarodno-socialno-delo-international-social-work\/\" class=\"more-link\">Continue reading <span class=\"screen-reader-text\">Mednarodno socialno delo\/International social work<\/span><\/a><\/p>\n","protected":false},"author":1,"featured_media":0,"parent":0,"menu_order":0,"comment_status":"closed","ping_status":"closed","template":"","meta":{"footnotes":""},"class_list":["post-768","page","type-page","status-publish","hentry"],"_links":{"self":[{"href":"https:\/\/sodelo.fsd.uni-lj.si\/main\/wp-json\/wp\/v2\/pages\/768","targetHints":{"allow":["GET"]}}],"collection":[{"href":"https:\/\/sodelo.fsd.uni-lj.si\/main\/wp-json\/wp\/v2\/pages"}],"about":[{"href":"https:\/\/sodelo.fsd.uni-lj.si\/main\/wp-json\/wp\/v2\/types\/page"}],"author":[{"embeddable":true,"href":"https:\/\/sodelo.fsd.uni-lj.si\/main\/wp-json\/wp\/v2\/users\/1"}],"replies":[{"embeddable":true,"href":"https:\/\/sodelo.fsd.uni-lj.si\/main\/wp-json\/wp\/v2\/comments?post=768"}],"version-history":[{"count":4,"href":"https:\/\/sodelo.fsd.uni-lj.si\/main\/wp-json\/wp\/v2\/pages\/768\/revisions"}],"predecessor-version":[{"id":807,"href":"https:\/\/sodelo.fsd.uni-lj.si\/main\/wp-json\/wp\/v2\/pages\/768\/revisions\/807"}],"wp:attachment":[{"href":"https:\/\/sodelo.fsd.uni-lj.si\/main\/wp-json\/wp\/v2\/media?parent=768"}],"curies":[{"name":"wp","href":"https:\/\/api.w.org\/{rel}","templated":true}]}}